{"id":10325,"date":"2025-10-04T06:43:16","date_gmt":"2025-10-04T06:43:16","guid":{"rendered":"https:\/\/demo.raxeonky.com\/?page_id=10325"},"modified":"2025-11-06T12:57:25","modified_gmt":"2025-11-06T12:57:25","slug":"our-scholars-dreamers","status":"publish","type":"page","link":"https:\/\/campuscall.org\/en\/our-scholars-dreamers\/","title":{"rendered":"Our Scholars &amp; Dreamers"},"content":{"rendered":"\t\t<div data-elementor-type=\"wp-page\" data-elementor-id=\"10325\" class=\"elementor elementor-10325\" data-elementor-post-type=\"page\">\n\t\t\t\t\t\t<section class=\"elementor-section elementor-top-section elementor-element elementor-element-a298b9f elementor-section-stretched elementor-section-full_width elementor-reverse-tablet elementor-reverse-mobile elementor-section-height-default elementor-section-height-default wpr-particle-no wpr-jarallax-no wpr-parallax-no wpr-sticky-section-no\" data-id=\"a298b9f\" data-element_type=\"section\" data-settings=\"{&quot;stretch_section&quot;:&quot;section-stretched&quot;,&quot;background_background&quot;:&quot;classic&quot;}\">\n\t\t\t\t\t\t<div class=\"elementor-container elementor-column-gap-default\">\n\t\t\t\t\t<div class=\"elementor-column elementor-col-100 elementor-top-column elementor-element elementor-element-5c823cc\" data-id=\"5c823cc\" data-element_type=\"column\">\n\t\t\t<div class=\"elementor-widget-wrap elementor-element-populated\">\n\t\t\t\t\t\t<section class=\"elementor-section elementor-inner-section elementor-element elementor-element-acdf9ea elementor-section-full_width elementor-reverse-tablet elementor-reverse-mobile elementor-section-height-default elementor-section-height-default wpr-particle-no wpr-jarallax-no wpr-parallax-no wpr-sticky-section-no\" data-id=\"acdf9ea\" data-element_type=\"section\">\n\t\t\t\t\t\t<div class=\"elementor-container elementor-column-gap-default\">\n\t\t\t\t\t<div class=\"elementor-column elementor-col-50 elementor-inner-column elementor-element elementor-element-e44b402\" data-id=\"e44b402\" data-element_type=\"column\">\n\t\t\t<div class=\"elementor-widget-wrap elementor-element-populated\">\n\t\t\t\t\t\t<div class=\"elementor-element elementor-element-88fd938 elementor-invisible elementor-widget elementor-widget-heading\" data-id=\"88fd938\" data-element_type=\"widget\" data-settings=\"{&quot;_animation&quot;:&quot;fadeIn&quot;}\" data-widget_type=\"heading.default\">\n\t\t\t\t\t<h2 class=\"elementor-heading-title elementor-size-default\">Scholars &amp; Dreamers<\/h2>\t\t\t\t<\/div>\n\t\t\t\t<div class=\"elementor-element elementor-element-1174d0f elementor-widget elementor-widget-text-editor\" data-id=\"1174d0f\" data-element_type=\"widget\" data-widget_type=\"text-editor.default\">\n\t\t\t\t\t\t\t\t\t<p data-start=\"402\" data-end=\"582\"><strong>Where Hope Meets Opportunity<\/strong><\/p>\t\t\t\t\t\t\t\t<\/div>\n\t\t\t\t<div class=\"elementor-element elementor-element-a501f06 elementor-widget elementor-widget-text-editor\" data-id=\"a501f06\" data-element_type=\"widget\" data-widget_type=\"text-editor.default\">\n\t\t\t\t\t\t\t\t\t<p data-start=\"402\" data-end=\"582\">Every scholarship tells a story not of charity, but of <em data-start=\"317\" data-end=\"325\">belief<\/em>. Behind every student supported by Campus Call stands a moment of courage, a door opened, and a dream taking flight. These are not just students. They are dreamers, doers, and future leaders rewriting what is possible when someone says <em data-start=\"568\" data-end=\"576\">\u201cYes.\u201d<\/em><\/p>\t\t\t\t\t\t\t\t<\/div>\n\t\t\t\t<div class=\"elementor-element elementor-element-3b396bd elementor-widget__width-auto elementor-widget elementor-widget-button\" data-id=\"3b396bd\" data-element_type=\"widget\" data-widget_type=\"button.default\">\n\t\t\t\t\t\t\t\t\t\t<a class=\"elementor-button elementor-button-link elementor-size-sm\" href=\"\/student-success-stories\/\">\n\t\t\t\t\t\t<span class=\"elementor-button-content-wrapper\">\n\t\t\t\t\t\t<span class=\"elementor-button-icon\">\n\t\t\t\t<i aria-hidden=\"true\" class=\"fas fa-long-arrow-alt-right\"><\/i>\t\t\t<\/span>\n\t\t\t\t\t\t\t\t\t<span class=\"elementor-button-text\">SEE STUDENT STORIES<\/span>\n\t\t\t\t\t<\/span>\n\t\t\t\t\t<\/a>\n\t\t\t\t\t\t\t\t<\/div>\n\t\t\t\t\t<\/div>\n\t\t<\/div>\n\t\t\t\t<div class=\"elementor-column elementor-col-50 elementor-inner-column elementor-element elementor-element-1e1028f\" data-id=\"1e1028f\" data-element_type=\"column\">\n\t\t\t<div class=\"elementor-widget-wrap elementor-element-populated\">\n\t\t\t\t\t\t<div class=\"elementor-element elementor-element-670daae elementor-widget elementor-widget-image\" data-id=\"670daae\" data-element_type=\"widget\" data-widget_type=\"image.default\">\n\t\t\t\t\t\t\t\t\t\t\t\t\t\t\t<img fetchpriority=\"high\" decoding=\"async\" width=\"1600\" height=\"1066\" src=\"https:\/\/campuscall.org\/wp-content\/uploads\/2025\/10\/Scholars-Dreamers-banner-new-image.jpg\" class=\"attachment-full size-full wp-image-12388\" alt=\"\" srcset=\"https:\/\/campuscall.org\/wp-content\/uploads\/2025\/10\/Scholars-Dreamers-banner-new-image.jpg 1600w, https:\/\/campuscall.org\/wp-content\/uploads\/2025\/10\/Scholars-Dreamers-banner-new-image-300x200.jpg 300w, https:\/\/campuscall.org\/wp-content\/uploads\/2025\/10\/Scholars-Dreamers-banner-new-image-1024x682.jpg 1024w, https:\/\/campuscall.org\/wp-content\/uploads\/2025\/10\/Scholars-Dreamers-banner-new-image-768x512.jpg 768w, https:\/\/campuscall.org\/wp-content\/uploads\/2025\/10\/Scholars-Dreamers-banner-new-image-1536x1023.jpg 1536w, https:\/\/campuscall.org\/wp-content\/uploads\/2025\/10\/Scholars-Dreamers-banner-new-image-600x400.jpg 600w\" sizes=\"(max-width: 1600px) 100vw, 1600px\" \/>\t\t\t\t\t\t\t\t\t\t\t\t\t\t\t<\/div>\n\t\t\t\t\t<\/div>\n\t\t<\/div>\n\t\t\t\t\t<\/div>\n\t\t<\/section>\n\t\t\t\t\t<\/div>\n\t\t<\/div>\n\t\t\t\t\t<\/div>\n\t\t<\/section>\n\t\t\t\t<section class=\"elementor-section elementor-top-section elementor-element elementor-element-8b25dd7 elementor-section-stretched elementor-section-full_width elementor-section-height-default elementor-section-height-default wpr-particle-no wpr-jarallax-no wpr-parallax-no wpr-sticky-section-no\" data-id=\"8b25dd7\" data-element_type=\"section\" data-settings=\"{&quot;stretch_section&quot;:&quot;section-stretched&quot;,&quot;background_background&quot;:&quot;classic&quot;}\">\n\t\t\t\t\t\t<div class=\"elementor-container elementor-column-gap-default\">\n\t\t\t\t\t<div class=\"elementor-column elementor-col-100 elementor-top-column elementor-element elementor-element-da58967\" data-id=\"da58967\" data-element_type=\"column\">\n\t\t\t<div class=\"elementor-widget-wrap elementor-element-populated\">\n\t\t\t\t\t\t<section class=\"elementor-section elementor-inner-section elementor-element elementor-element-ab949df elementor-section-full_width elementor-section-height-default elementor-section-height-default wpr-particle-no wpr-jarallax-no wpr-parallax-no wpr-sticky-section-no\" data-id=\"ab949df\" data-element_type=\"section\">\n\t\t\t\t\t\t<div class=\"elementor-container elementor-column-gap-default\">\n\t\t\t\t\t<div class=\"elementor-column elementor-col-100 elementor-inner-column elementor-element elementor-element-14cd7ac\" data-id=\"14cd7ac\" data-element_type=\"column\">\n\t\t\t<div class=\"elementor-widget-wrap elementor-element-populated\">\n\t\t\t\t\t\t<div class=\"elementor-element elementor-element-2036992 elementor-invisible elementor-widget elementor-widget-heading\" data-id=\"2036992\" data-element_type=\"widget\" data-settings=\"{&quot;_animation&quot;:&quot;fadeIn&quot;}\" data-widget_type=\"heading.default\">\n\t\t\t\t\t<h2 class=\"elementor-heading-title elementor-size-default\">From Dreams to Destinations<\/h2>\t\t\t\t<\/div>\n\t\t\t\t<div class=\"elementor-element elementor-element-76d8d6a elementor-widget elementor-widget-text-editor\" data-id=\"76d8d6a\" data-element_type=\"widget\" data-widget_type=\"text-editor.default\">\n\t\t\t\t\t\t\t\t\t<p class=\"rich-text rich-text-paragraph body-md\">Across oceans and continents, our Scholars &amp; Dreamers are living proof that belief can move mountains. They represent the power of opportunity and the spirit of paying it forward one degree, one dream, one destiny at a time.<\/p>\t\t\t\t\t\t\t\t<\/div>\n\t\t\t\t<div class=\"elementor-element elementor-element-083e43b elementor-blockquote--skin-clean elementor-widget elementor-widget-blockquote\" data-id=\"083e43b\" data-element_type=\"widget\" data-widget_type=\"blockquote.default\">\n\t\t\t\t\t\t\t<blockquote class=\"elementor-blockquote\">\n\t\t\t<p class=\"elementor-blockquote__content\">\n\t\t\t\t\u201cA single act of belief can change the geography of a life.\u201d\t\t\t<\/p>\n\t\t\t\t\t<\/blockquote>\n\t\t\t\t\t\t<\/div>\n\t\t\t\t\t<\/div>\n\t\t<\/div>\n\t\t\t\t\t<\/div>\n\t\t<\/section>\n\t\t\t\t\t<\/div>\n\t\t<\/div>\n\t\t\t\t\t<\/div>\n\t\t<\/section>\n\t\t\t\t<section class=\"elementor-section elementor-top-section elementor-element elementor-element-a9b3df7 elementor-section-stretched elementor-section-full_width elementor-section-height-default elementor-section-height-default wpr-particle-no wpr-jarallax-no wpr-parallax-no wpr-sticky-section-no\" data-id=\"a9b3df7\" data-element_type=\"section\" data-settings=\"{&quot;stretch_section&quot;:&quot;section-stretched&quot;,&quot;background_background&quot;:&quot;classic&quot;}\">\n\t\t\t\t\t\t<div class=\"elementor-container elementor-column-gap-default\">\n\t\t\t\t\t<div class=\"elementor-column elementor-col-100 elementor-top-column elementor-element elementor-element-d84890d\" data-id=\"d84890d\" data-element_type=\"column\">\n\t\t\t<div class=\"elementor-widget-wrap elementor-element-populated\">\n\t\t\t\t\t\t<section class=\"elementor-section elementor-inner-section elementor-element elementor-element-ca72a57 elementor-section-full_width elementor-section-height-default elementor-section-height-default wpr-particle-no wpr-jarallax-no wpr-parallax-no wpr-sticky-section-no\" data-id=\"ca72a57\" data-element_type=\"section\">\n\t\t\t\t\t\t<div class=\"elementor-container elementor-column-gap-default\">\n\t\t\t\t\t<div class=\"elementor-column elementor-col-100 elementor-inner-column elementor-element elementor-element-45df20a\" data-id=\"45df20a\" data-element_type=\"column\">\n\t\t\t<div class=\"elementor-widget-wrap elementor-element-populated\">\n\t\t\t\t\t\t<div class=\"elementor-element elementor-element-7febefe elementor-invisible elementor-widget elementor-widget-heading\" data-id=\"7febefe\" data-element_type=\"widget\" data-settings=\"{&quot;_animation&quot;:&quot;fadeIn&quot;}\" data-widget_type=\"heading.default\">\n\t\t\t\t\t<h2 class=\"elementor-heading-title elementor-size-default\">Meet the 2024-2025 Scholars<\/h2>\t\t\t\t<\/div>\n\t\t\t\t\t<\/div>\n\t\t<\/div>\n\t\t\t\t\t<\/div>\n\t\t<\/section>\n\t\t\t\t<section class=\"elementor-section elementor-inner-section elementor-element elementor-element-a5ee8bf elementor-section-full_width elementor-section-height-default elementor-section-height-default wpr-particle-no wpr-jarallax-no wpr-parallax-no wpr-sticky-section-no\" data-id=\"a5ee8bf\" data-element_type=\"section\">\n\t\t\t\t\t\t<div class=\"elementor-container elementor-column-gap-default\">\n\t\t\t\t\t<div class=\"elementor-column elementor-col-33 elementor-inner-column elementor-element elementor-element-ba8167f\" data-id=\"ba8167f\" data-element_type=\"column\">\n\t\t\t<div class=\"elementor-widget-wrap elementor-element-populated\">\n\t\t\t\t\t\t<div class=\"elementor-element elementor-element-4331279 elementor-widget elementor-widget-image\" data-id=\"4331279\" data-element_type=\"widget\" data-widget_type=\"image.default\">\n\t\t\t\t\t\t\t\t\t\t\t\t\t\t\t<img decoding=\"async\" width=\"500\" height=\"500\" src=\"https:\/\/campuscall.org\/wp-content\/uploads\/2025\/10\/Selome-Aitchedji-new.jpg\" class=\"attachment-full size-full wp-image-12414\" alt=\"\" srcset=\"https:\/\/campuscall.org\/wp-content\/uploads\/2025\/10\/Selome-Aitchedji-new.jpg 500w, https:\/\/campuscall.org\/wp-content\/uploads\/2025\/10\/Selome-Aitchedji-new-300x300.jpg 300w, https:\/\/campuscall.org\/wp-content\/uploads\/2025\/10\/Selome-Aitchedji-new-150x150.jpg 150w, https:\/\/campuscall.org\/wp-content\/uploads\/2025\/10\/Selome-Aitchedji-new-100x100.jpg 100w\" sizes=\"(max-width: 500px) 100vw, 500px\" \/>\t\t\t\t\t\t\t\t\t\t\t\t\t\t\t<\/div>\n\t\t\t\t<div class=\"elementor-element elementor-element-78e38a5 elementor-invisible elementor-widget elementor-widget-heading\" data-id=\"78e38a5\" data-element_type=\"widget\" data-settings=\"{&quot;_animation&quot;:&quot;fadeIn&quot;}\" data-widget_type=\"heading.default\">\n\t\t\t\t\t<h2 class=\"elementor-heading-title elementor-size-default\">S\u00e8lom\u00e8 Aitchedji<\/h2>\t\t\t\t<\/div>\n\t\t\t\t\t<\/div>\n\t\t<\/div>\n\t\t\t\t<div class=\"elementor-column elementor-col-33 elementor-inner-column elementor-element elementor-element-afd0ed5\" data-id=\"afd0ed5\" data-element_type=\"column\">\n\t\t\t<div class=\"elementor-widget-wrap elementor-element-populated\">\n\t\t\t\t\t\t<div class=\"elementor-element elementor-element-1a5c170 elementor-widget elementor-widget-image\" data-id=\"1a5c170\" data-element_type=\"widget\" data-widget_type=\"image.default\">\n\t\t\t\t\t\t\t\t\t\t\t\t\t\t\t<img decoding=\"async\" width=\"500\" height=\"500\" src=\"https:\/\/campuscall.org\/wp-content\/uploads\/2025\/10\/Ouattara-Djouma-Irene-new.jpg\" class=\"attachment-full size-full wp-image-12412\" alt=\"\" srcset=\"https:\/\/campuscall.org\/wp-content\/uploads\/2025\/10\/Ouattara-Djouma-Irene-new.jpg 500w, https:\/\/campuscall.org\/wp-content\/uploads\/2025\/10\/Ouattara-Djouma-Irene-new-300x300.jpg 300w, https:\/\/campuscall.org\/wp-content\/uploads\/2025\/10\/Ouattara-Djouma-Irene-new-150x150.jpg 150w, https:\/\/campuscall.org\/wp-content\/uploads\/2025\/10\/Ouattara-Djouma-Irene-new-100x100.jpg 100w\" sizes=\"(max-width: 500px) 100vw, 500px\" \/>\t\t\t\t\t\t\t\t\t\t\t\t\t\t\t<\/div>\n\t\t\t\t<div class=\"elementor-element elementor-element-854e801 elementor-invisible elementor-widget elementor-widget-heading\" data-id=\"854e801\" data-element_type=\"widget\" data-settings=\"{&quot;_animation&quot;:&quot;fadeIn&quot;}\" data-widget_type=\"heading.default\">\n\t\t\t\t\t<h2 class=\"elementor-heading-title elementor-size-default\">Ouattara Djouma Ir\u00e8ne<\/h2>\t\t\t\t<\/div>\n\t\t\t\t\t<\/div>\n\t\t<\/div>\n\t\t\t\t<div class=\"elementor-column elementor-col-33 elementor-inner-column elementor-element elementor-element-7ed01ae\" data-id=\"7ed01ae\" data-element_type=\"column\">\n\t\t\t<div class=\"elementor-widget-wrap elementor-element-populated\">\n\t\t\t\t\t\t<div class=\"elementor-element elementor-element-9525492 elementor-widget elementor-widget-image\" data-id=\"9525492\" data-element_type=\"widget\" data-widget_type=\"image.default\">\n\t\t\t\t\t\t\t\t\t\t\t\t\t\t\t<img loading=\"lazy\" decoding=\"async\" width=\"500\" height=\"500\" src=\"https:\/\/campuscall.org\/wp-content\/uploads\/2025\/10\/Afgan-Gradiyanto-new.jpg\" class=\"attachment-full size-full wp-image-12410\" alt=\"\" srcset=\"https:\/\/campuscall.org\/wp-content\/uploads\/2025\/10\/Afgan-Gradiyanto-new.jpg 500w, https:\/\/campuscall.org\/wp-content\/uploads\/2025\/10\/Afgan-Gradiyanto-new-300x300.jpg 300w, https:\/\/campuscall.org\/wp-content\/uploads\/2025\/10\/Afgan-Gradiyanto-new-150x150.jpg 150w, https:\/\/campuscall.org\/wp-content\/uploads\/2025\/10\/Afgan-Gradiyanto-new-100x100.jpg 100w\" sizes=\"(max-width: 500px) 100vw, 500px\" \/>\t\t\t\t\t\t\t\t\t\t\t\t\t\t\t<\/div>\n\t\t\t\t<div class=\"elementor-element elementor-element-75887f3 elementor-invisible elementor-widget elementor-widget-heading\" data-id=\"75887f3\" data-element_type=\"widget\" data-settings=\"{&quot;_animation&quot;:&quot;fadeIn&quot;}\" data-widget_type=\"heading.default\">\n\t\t\t\t\t<h2 class=\"elementor-heading-title elementor-size-default\">Afgan Gradiyanto<\/h2>\t\t\t\t<\/div>\n\t\t\t\t\t<\/div>\n\t\t<\/div>\n\t\t\t\t\t<\/div>\n\t\t<\/section>\n\t\t\t\t<section class=\"elementor-section elementor-inner-section elementor-element elementor-element-4f949e9 elementor-section-full_width elementor-section-height-default elementor-section-height-default wpr-particle-no wpr-jarallax-no wpr-parallax-no wpr-sticky-section-no\" data-id=\"4f949e9\" data-element_type=\"section\">\n\t\t\t\t\t\t<div class=\"elementor-container elementor-column-gap-default\">\n\t\t\t\t\t<div class=\"elementor-column elementor-col-33 elementor-inner-column elementor-element elementor-element-80c8b31\" data-id=\"80c8b31\" data-element_type=\"column\">\n\t\t\t<div class=\"elementor-widget-wrap elementor-element-populated\">\n\t\t\t\t\t\t<div class=\"elementor-element elementor-element-ab11aca elementor-widget elementor-widget-image\" data-id=\"ab11aca\" data-element_type=\"widget\" data-widget_type=\"image.default\">\n\t\t\t\t\t\t\t\t\t\t\t\t\t\t\t<img loading=\"lazy\" decoding=\"async\" width=\"500\" height=\"500\" src=\"https:\/\/campuscall.org\/wp-content\/uploads\/2025\/10\/Konditamde-Wendinso-Franck-new.jpg\" class=\"attachment-full size-full wp-image-12411\" alt=\"\" srcset=\"https:\/\/campuscall.org\/wp-content\/uploads\/2025\/10\/Konditamde-Wendinso-Franck-new.jpg 500w, https:\/\/campuscall.org\/wp-content\/uploads\/2025\/10\/Konditamde-Wendinso-Franck-new-300x300.jpg 300w, https:\/\/campuscall.org\/wp-content\/uploads\/2025\/10\/Konditamde-Wendinso-Franck-new-150x150.jpg 150w, https:\/\/campuscall.org\/wp-content\/uploads\/2025\/10\/Konditamde-Wendinso-Franck-new-100x100.jpg 100w\" sizes=\"(max-width: 500px) 100vw, 500px\" \/>\t\t\t\t\t\t\t\t\t\t\t\t\t\t\t<\/div>\n\t\t\t\t<div class=\"elementor-element elementor-element-36a4483 elementor-invisible elementor-widget elementor-widget-heading\" data-id=\"36a4483\" data-element_type=\"widget\" data-settings=\"{&quot;_animation&quot;:&quot;fadeIn&quot;}\" data-widget_type=\"heading.default\">\n\t\t\t\t\t<h2 class=\"elementor-heading-title elementor-size-default\">Konditamde Wendinso Franck<\/h2>\t\t\t\t<\/div>\n\t\t\t\t\t<\/div>\n\t\t<\/div>\n\t\t\t\t<div class=\"elementor-column elementor-col-33 elementor-inner-column elementor-element elementor-element-b40ac17\" data-id=\"b40ac17\" data-element_type=\"column\">\n\t\t\t<div class=\"elementor-widget-wrap elementor-element-populated\">\n\t\t\t\t\t\t<div class=\"elementor-element elementor-element-37c56b7 elementor-widget elementor-widget-image\" data-id=\"37c56b7\" data-element_type=\"widget\" data-widget_type=\"image.default\">\n\t\t\t\t\t\t\t\t\t\t\t\t\t\t\t<img loading=\"lazy\" decoding=\"async\" width=\"500\" height=\"500\" src=\"https:\/\/campuscall.org\/wp-content\/uploads\/2025\/10\/Ouedraogo-Sougrinoma-Nourredine-new.jpg\" class=\"attachment-full size-full wp-image-12413\" alt=\"\" srcset=\"https:\/\/campuscall.org\/wp-content\/uploads\/2025\/10\/Ouedraogo-Sougrinoma-Nourredine-new.jpg 500w, https:\/\/campuscall.org\/wp-content\/uploads\/2025\/10\/Ouedraogo-Sougrinoma-Nourredine-new-300x300.jpg 300w, https:\/\/campuscall.org\/wp-content\/uploads\/2025\/10\/Ouedraogo-Sougrinoma-Nourredine-new-150x150.jpg 150w, https:\/\/campuscall.org\/wp-content\/uploads\/2025\/10\/Ouedraogo-Sougrinoma-Nourredine-new-100x100.jpg 100w\" sizes=\"(max-width: 500px) 100vw, 500px\" \/>\t\t\t\t\t\t\t\t\t\t\t\t\t\t\t<\/div>\n\t\t\t\t<div class=\"elementor-element elementor-element-c5cd9e8 elementor-invisible elementor-widget elementor-widget-heading\" data-id=\"c5cd9e8\" data-element_type=\"widget\" data-settings=\"{&quot;_animation&quot;:&quot;fadeIn&quot;}\" data-widget_type=\"heading.default\">\n\t\t\t\t\t<h2 class=\"elementor-heading-title elementor-size-default\">Ouedraogo Sougrinoma Nourredine<\/h2>\t\t\t\t<\/div>\n\t\t\t\t\t<\/div>\n\t\t<\/div>\n\t\t\t\t<div class=\"elementor-column elementor-col-33 elementor-inner-column elementor-element elementor-element-e20cc41\" data-id=\"e20cc41\" data-element_type=\"column\">\n\t\t\t<div class=\"elementor-widget-wrap elementor-element-populated\">\n\t\t\t\t\t\t<div class=\"elementor-element elementor-element-f29e9a7 elementor-widget elementor-widget-image\" data-id=\"f29e9a7\" data-element_type=\"widget\" data-widget_type=\"image.default\">\n\t\t\t\t\t\t\t\t\t\t\t\t\t\t\t<img loading=\"lazy\" decoding=\"async\" width=\"1200\" height=\"1168\" src=\"https:\/\/campuscall.org\/wp-content\/uploads\/2025\/11\/muhammad0huzaifa-e1762433816862.jpeg\" class=\"attachment-full size-full wp-image-12974\" alt=\"\" srcset=\"https:\/\/campuscall.org\/wp-content\/uploads\/2025\/11\/muhammad0huzaifa-e1762433816862.jpeg 1200w, https:\/\/campuscall.org\/wp-content\/uploads\/2025\/11\/muhammad0huzaifa-e1762433816862-300x292.jpeg 300w, https:\/\/campuscall.org\/wp-content\/uploads\/2025\/11\/muhammad0huzaifa-e1762433816862-1024x997.jpeg 1024w, https:\/\/campuscall.org\/wp-content\/uploads\/2025\/11\/muhammad0huzaifa-e1762433816862-768x748.jpeg 768w, https:\/\/campuscall.org\/wp-content\/uploads\/2025\/11\/muhammad0huzaifa-e1762433816862-600x584.jpeg 600w\" sizes=\"(max-width: 1200px) 100vw, 1200px\" \/>\t\t\t\t\t\t\t\t\t\t\t\t\t\t\t<\/div>\n\t\t\t\t<div class=\"elementor-element elementor-element-fb611d4 elementor-invisible elementor-widget elementor-widget-heading\" data-id=\"fb611d4\" data-element_type=\"widget\" data-settings=\"{&quot;_animation&quot;:&quot;fadeIn&quot;}\" data-widget_type=\"heading.default\">\n\t\t\t\t\t<h2 class=\"elementor-heading-title elementor-size-default\">Muhammad Huzaifa<\/h2>\t\t\t\t<\/div>\n\t\t\t\t\t<\/div>\n\t\t<\/div>\n\t\t\t\t\t<\/div>\n\t\t<\/section>\n\t\t\t\t\t<\/div>\n\t\t<\/div>\n\t\t\t\t\t<\/div>\n\t\t<\/section>\n\t\t\t\t<\/div>\n\t\t","protected":false},"excerpt":{"rendered":"<p>Scholars &amp; Dreamers Where Hope Meets Opportunity Every scholarship tells a story not of charity, but of belief. Behind every student supported by Campus Call stands a moment of courage, a door opened, and a dream taking flight. These are not just students. They are dreamers, doers, and future leaders rewriting what is possible when someone says \u201cYes.\u201d SEE STUDENT STORIES From Dreams to Destinations Across oceans and continents, our Scholars &amp; Dreamers are living proof that belief can move mountains. They represent the power of opportunity and the spirit of paying it forward one degree, one dream, one destiny at a time. \u201cA single act of belief can change the geography of a life.\u201d Meet the 2024-2025 Scholars S\u00e8lom\u00e8 Aitchedji Ouattara Djouma Ir\u00e8ne Afgan Gradiyanto Konditamde Wendinso Franck Ouedraogo Sougrinoma Nourredine Muhammad Huzaifa<\/p>\n","protected":false},"author":1,"featured_media":0,"parent":0,"menu_order":0,"comment_status":"closed","ping_status":"closed","template":"elementor_header_footer","meta":{"give_campaign_id":0,"footnotes":""},"class_list":["post-10325","page","type-page","status-publish","hentry"],"campaignId":"","_hostinger_reach_plugin_has_subscription_block":false,"_hostinger_reach_plugin_is_elementor":false,"_links":{"self":[{"href":"https:\/\/campuscall.org\/en\/wp-json\/wp\/v2\/pages\/10325","targetHints":{"allow":["GET"]}}],"collection":[{"href":"https:\/\/campuscall.org\/en\/wp-json\/wp\/v2\/pages"}],"about":[{"href":"https:\/\/campuscall.org\/en\/wp-json\/wp\/v2\/types\/page"}],"author":[{"embeddable":true,"href":"https:\/\/campuscall.org\/en\/wp-json\/wp\/v2\/users\/1"}],"replies":[{"embeddable":true,"href":"https:\/\/campuscall.org\/en\/wp-json\/wp\/v2\/comments?post=10325"}],"version-history":[{"count":111,"href":"https:\/\/campuscall.org\/en\/wp-json\/wp\/v2\/pages\/10325\/revisions"}],"predecessor-version":[{"id":12981,"href":"https:\/\/campuscall.org\/en\/wp-json\/wp\/v2\/pages\/10325\/revisions\/12981"}],"wp:attachment":[{"href":"https:\/\/campuscall.org\/en\/wp-json\/wp\/v2\/media?parent=10325"}],"curies":[{"name":"wp","href":"https:\/\/api.w.org\/{rel}","templated":true}]}}